{"id":19143,"date":"2025-05-28T15:55:03","date_gmt":"2025-05-28T13:55:03","guid":{"rendered":"https:\/\/h2omaritim.com\/countries-that-require-waiver-to-import-goods\/"},"modified":"2025-05-29T14:58:42","modified_gmt":"2025-05-29T12:58:42","slug":"countries-that-require-waiver-to-import-goods","status":"publish","type":"page","link":"https:\/\/h2omaritim.com\/en\/countries-that-require-waiver-to-import-goods\/","title":{"rendered":"Countries that require waiver to import goods"},"content":{"rendered":"<p><div class=\"fusion-fullwidth fullwidth-box fusion-builder-row-1 fusion-flex-container has-pattern-background has-mask-background nonhundred-percent-fullwidth non-hundred-percent-height-scrolling\" style=\"--awb-border-radius-top-left:0px;--awb-border-radius-top-right:0px;--awb-border-radius-bottom-right:0px;--awb-border-radius-bottom-left:0px;--awb-margin-top:40px;--awb-flex-wrap:wrap;\" ><div class=\"fusion-builder-row fusion-row fusion-flex-align-items-flex-start fusion-flex-content-wrap\" style=\"max-width:1560px;margin-left: calc(-4% \/ 2 );margin-right: calc(-4% \/ 2 );\"><div class=\"fusion-layout-column fusion_builder_column fusion-builder-column-0 fusion_builder_column_1_1 1_1 fusion-flex-column\" style=\"--awb-bg-size:cover;--awb-width-large:100%;--awb-margin-top-large:0px;--awb-spacing-right-large:1.92%;--awb-margin-bottom-large:20px;--awb-spacing-left-large:1.92%;--awb-width-medium:100%;--awb-order-medium:0;--awb-spacing-right-medium:1.92%;--awb-spacing-left-medium:1.92%;--awb-width-small:100%;--awb-order-small:0;--awb-spacing-right-small:1.92%;--awb-spacing-left-small:1.92%;\"><div class=\"fusion-column-wrapper fusion-column-has-shadow fusion-flex-justify-content-flex-start fusion-content-layout-column\"><div class=\"fusion-text fusion-text-1\" style=\"--awb-content-alignment:center;\"><p>In international shipping, many countries, especially in Africa, require a document known as a \u201cwaiver\u201d or <strong data-start=\"128\" data-end=\"162\">cargo tracking number<\/strong> (CTN, BESC, FERI, ECTN, etc.) as a mandatory pre-shipment requirement. Each country uses a <strong data-start=\"258\" data-end=\"285\">specific nomenclature<\/strong>, although they all have similar functions: to <strong data-start=\"328\" data-end=\"370\">control and track imports<\/strong> before they reach the port of destination.<\/p>\n<\/div><\/div><\/div><\/div><\/div><div class=\"fusion-fullwidth fullwidth-box fusion-builder-row-2 fusion-flex-container has-pattern-background has-mask-background nonhundred-percent-fullwidth non-hundred-percent-height-scrolling\" style=\"--awb-border-radius-top-left:0px;--awb-border-radius-top-right:0px;--awb-border-radius-bottom-right:0px;--awb-border-radius-bottom-left:0px;--awb-margin-top:20px;--awb-flex-wrap:wrap;\" ><div class=\"fusion-builder-row fusion-row fusion-flex-align-items-flex-start fusion-flex-content-wrap\" style=\"max-width:1560px;margin-left: calc(-4% \/ 2 );margin-right: calc(-4% \/ 2 );\"><div class=\"fusion-layout-column fusion_builder_column fusion-builder-column-1 fusion_builder_column_1_1 1_1 fusion-flex-column\" style=\"--awb-bg-size:cover;--awb-width-large:100%;--awb-margin-top-large:0px;--awb-spacing-right-large:1.92%;--awb-margin-bottom-large:20px;--awb-spacing-left-large:1.92%;--awb-width-medium:100%;--awb-order-medium:0;--awb-spacing-right-medium:1.92%;--awb-spacing-left-medium:1.92%;--awb-width-small:100%;--awb-order-small:0;--awb-spacing-right-small:1.92%;--awb-spacing-left-small:1.92%;\"><div class=\"fusion-column-wrapper fusion-column-has-shadow fusion-flex-justify-content-flex-start fusion-content-layout-column\"><div class=\"fusion-title title fusion-title-1 fusion-sep-none fusion-title-text fusion-title-size-three\"><h3 class=\"fusion-title-heading title-heading-left\" style=\"margin:0;\">Below is a table with the <strong data-start=\"457\" data-end=\"497\">main countries that require waiver<\/strong>, along with the <strong data-start=\"512\" data-end=\"549\">official nomenclature they use<\/strong>:<\/h3><\/div><\/div><\/div><\/div><\/div><div class=\"fusion-fullwidth fullwidth-box fusion-builder-row-3 fusion-flex-container has-pattern-background has-mask-background nonhundred-percent-fullwidth non-hundred-percent-height-scrolling\" style=\"--awb-border-radius-top-left:0px;--awb-border-radius-top-right:0px;--awb-border-radius-bottom-right:0px;--awb-border-radius-bottom-left:0px;--awb-flex-wrap:wrap;\" ><div class=\"fusion-builder-row fusion-row fusion-flex-align-items-center fusion-flex-justify-content-center fusion-flex-content-wrap\" style=\"max-width:1560px;margin-left: calc(-4% \/ 2 );margin-right: calc(-4% \/ 2 );\"><div class=\"fusion-layout-column fusion_builder_column fusion-builder-column-2 fusion_builder_column_1_1 1_1 fusion-flex-column\" style=\"--awb-bg-size:cover;--awb-width-large:100%;--awb-margin-top-large:0px;--awb-spacing-right-large:1.92%;--awb-margin-bottom-large:20px;--awb-spacing-left-large:1.92%;--awb-width-medium:100%;--awb-order-medium:0;--awb-spacing-right-medium:1.92%;--awb-spacing-left-medium:1.92%;--awb-width-small:100%;--awb-order-small:0;--awb-spacing-right-small:1.92%;--awb-spacing-left-small:1.92%;\"><div class=\"fusion-column-wrapper fusion-column-has-shadow fusion-flex-justify-content-flex-start fusion-content-layout-column\"><div class=\"fusion-text fusion-text-2\"><table style=\"height: 598px;\" border=\"1\" width=\"1144\">\n<thead>\n<tr>\n<th><strong>Country<\/strong><\/th>\n<th><strong>Waiver Nomenclature<\/strong><\/th>\n<th><strong>Meaning<\/strong><\/th>\n<\/tr>\n<\/thead>\n<tbody>\n<tr>\n<td>Angola<\/td>\n<td>CNCA (National Council of Freight Forwarders)<\/td>\n<td>Mandatory cargo certificate<\/td>\n<\/tr>\n<tr>\n<td>Benin<\/td>\n<td>BESC (Bordereau \u00c9lectronique de Suivi des Cargaisons)<\/td>\n<td>Electronic tracking certificate<\/td>\n<\/tr>\n<tr>\n<td>Burkina Faso<\/td>\n<td>BSC (Bordereau de Suivi de Cargaison)<\/td>\n<td>Cargo Tracking Certificate<\/td>\n<\/tr>\n<tr>\n<td>Cameroon<\/td>\n<td>BESC<\/td>\n<td>Electronic Cargo Certificate<\/td>\n<\/tr>\n<tr>\n<td>Republic of Congo<\/td>\n<td>ECTN (Electronic Cargo Tracking Note)<\/td>\n<td>Electronic Cargo Tracking Note<\/td>\n<\/tr>\n<tr>\n<td>R. D. of Congo (Kinshasa)<\/td>\n<td>FERI (Fiche Electronique de Renseignement \u00e0 l&#8217;Importation)<\/td>\n<td>Electronic Import Form (Ficha Electronique de Renseignement \u00e0 l&#8217;Importation)<\/td>\n<\/tr>\n<tr>\n<td>Ivory Coast (Ivory Coast)<\/td>\n<td>BSC (Bordereau de Suivi de Cargaison)<\/td>\n<td>Mandatory tracking document<\/td>\n<\/tr>\n<tr>\n<td>Gabon<\/td>\n<td>BIETC (Bordereau d&#8217;Identification \u00c9lectronique de Tra\u00e7abilit\u00e9 de Tra\u00e7abilit\u00e9 de Cargaison)<\/td>\n<td>Traceability document<\/td>\n<\/tr>\n<tr>\n<td>Ghana<\/td>\n<td>CTN (Cargo Tracking Note)<\/td>\n<td>Cargo Tracking Note<\/td>\n<\/tr>\n<tr>\n<td>Guinea Conakry<\/td>\n<td>ECTN<\/td>\n<td>Electronic Cargo Tracking<\/td>\n<\/tr>\n<tr>\n<td>Equatorial Guinea<\/td>\n<td>ECTN<\/td>\n<td>Prior authorization required<\/td>\n<\/tr>\n<tr>\n<td>Liberia<\/td>\n<td>CTN<\/td>\n<td>Mandatory certificate for cargo<\/td>\n<\/tr>\n<tr>\n<td>Libya<\/td>\n<td>ECTN<\/td>\n<td>Electronic Cargo Note<\/td>\n<\/tr>\n<tr>\n<td>Mali<\/td>\n<td>BSC<\/td>\n<td>Similar to Burkina Faso<\/td>\n<\/tr>\n<tr>\n<td>Niger<\/td>\n<td>BSC<\/td>\n<td>Mandatory monitoring<\/td>\n<\/tr>\n<tr>\n<td>Senegal<\/td>\n<td>BESC<\/td>\n<td>Mandatory document prior to boarding<\/td>\n<\/tr>\n<tr>\n<td>Sierra Leone<\/td>\n<td>CTN<\/td>\n<td>Cargo tracking<\/td>\n<\/tr>\n<tr>\n<td>Togo<\/td>\n<td>ECTN<\/td>\n<td>Requires prior approval<\/td>\n<\/tr>\n<\/tbody>\n<\/table>\n<\/div><\/div><\/div><\/div><\/div><div class=\"fusion-fullwidth fullwidth-box fusion-builder-row-4 fusion-flex-container has-pattern-background has-mask-background nonhundred-percent-fullwidth non-hundred-percent-height-scrolling\" style=\"--awb-border-radius-top-left:0px;--awb-border-radius-top-right:0px;--awb-border-radius-bottom-right:0px;--awb-border-radius-bottom-left:0px;--awb-margin-top:40px;--awb-flex-wrap:wrap;\" ><div class=\"fusion-builder-row fusion-row fusion-flex-align-items-stretch fusion-flex-justify-content-center fusion-flex-content-wrap\" style=\"max-width:1560px;margin-left: calc(-4% \/ 2 );margin-right: calc(-4% \/ 2 );\"><div class=\"fusion-layout-column fusion_builder_column fusion-builder-column-3 fusion_builder_column_1_2 1_2 fusion-flex-column fusion-flex-align-self-stretch\" style=\"--awb-bg-image:url(&#039;https:\/\/h2omaritim.com\/wp-content\/uploads\/2025\/05\/apoyo-social.jpg&#039;);--awb-bg-size:cover;--awb-width-large:50%;--awb-margin-top-large:0px;--awb-spacing-right-large:3.84%;--awb-margin-bottom-large:20px;--awb-spacing-left-large:3.84%;--awb-width-medium:50%;--awb-order-medium:0;--awb-spacing-right-medium:3.84%;--awb-spacing-left-medium:3.84%;--awb-width-small:100%;--awb-order-small:0;--awb-spacing-right-small:1.92%;--awb-spacing-left-small:1.92%;\" data-scroll-devices=\"small-visibility,medium-visibility,large-visibility\"><div class=\"fusion-column-wrapper fusion-column-has-shadow fusion-flex-justify-content-flex-start fusion-content-layout-column fusion-empty-column-bg-image fusion-column-has-bg-image\" data-bg-url=\"https:\/\/h2omaritim.com\/wp-content\/uploads\/2025\/05\/apoyo-social.jpg\"><img decoding=\"async\" class=\"fusion-empty-dims-img-placeholder fusion-no-large-visibility fusion-no-medium-visibility\" aria-label=\"Apoyo Social\" src=\"data:image\/svg+xml,%3Csvg%20xmlns%3D%27http%3A%2F%2Fwww.w3.org%2F2000%2Fsvg%27%20width%3D%27356%27%20height%3D%27220%27%20viewBox%3D%270%200%20356%20220%27%3E%3Crect%20width%3D%27356%27%20height%3D%27220%27%20fill-opacity%3D%220%22%2F%3E%3C%2Fsvg%3E\"><\/div><\/div><div class=\"fusion-layout-column fusion_builder_column fusion-builder-column-4 fusion_builder_column_1_2 1_2 fusion-flex-column\" style=\"--awb-bg-size:cover;--awb-width-large:50%;--awb-margin-top-large:0px;--awb-spacing-right-large:3.84%;--awb-margin-bottom-large:20px;--awb-spacing-left-large:3.84%;--awb-width-medium:50%;--awb-order-medium:0;--awb-spacing-right-medium:3.84%;--awb-spacing-left-medium:3.84%;--awb-width-small:100%;--awb-order-small:0;--awb-spacing-right-small:1.92%;--awb-spacing-left-small:1.92%;\"><div class=\"fusion-column-wrapper fusion-column-has-shadow fusion-flex-justify-content-flex-start fusion-content-layout-column\"><div class=\"fusion-title title fusion-title-2 fusion-sep-none fusion-title-text fusion-title-size-four\"><h4 class=\"fusion-title-heading title-heading-left\" style=\"margin:0;\">When is the waiver mandatory?<\/h4><\/div><div class=\"fusion-text fusion-text-3\"><ul data-start=\"3039\" data-end=\"3249\">\n<li data-start=\"3039\" data-end=\"3249\">\n<p data-start=\"3041\" data-end=\"3164\"><strong data-start=\"3041\" data-end=\"3064\">Prior to boarding.<\/strong> In most countries, if you do not have the waiver issued <strong data-start=\"3121\" data-end=\"3140\">before loading<\/strong>, you could face:<\/p>\n<ul data-start=\"3167\" data-end=\"3249\">\n<li data-start=\"3167\" data-end=\"3175\">\n<p data-start=\"3169\" data-end=\"3175\">Fines<\/p>\n<\/li>\n<li data-start=\"3178\" data-end=\"3200\">\n<p data-start=\"3180\" data-end=\"3200\">Retention at destination<\/p>\n<\/li>\n<li data-start=\"3203\" data-end=\"3249\">\n<p data-start=\"3205\" data-end=\"3249\">Additional costs (delays, storage)<\/p>\n<\/li>\n<\/ul>\n<\/li>\n<\/ul>\n<\/div><\/div><\/div><\/div><\/div><div class=\"fusion-fullwidth fullwidth-box fusion-builder-row-5 fusion-flex-container has-pattern-background has-mask-background nonhundred-percent-fullwidth non-hundred-percent-height-scrolling\" style=\"--awb-border-radius-top-left:0px;--awb-border-radius-top-right:0px;--awb-border-radius-bottom-right:0px;--awb-border-radius-bottom-left:0px;--awb-margin-top:40px;--awb-flex-wrap:wrap;\" ><div class=\"fusion-builder-row fusion-row fusion-flex-align-items-stretch fusion-flex-justify-content-center fusion-flex-content-wrap\" style=\"max-width:1560px;margin-left: calc(-4% \/ 2 );margin-right: calc(-4% \/ 2 );\"><div class=\"fusion-layout-column fusion_builder_column fusion-builder-column-5 fusion_builder_column_1_2 1_2 fusion-flex-column\" style=\"--awb-bg-size:cover;--awb-width-large:50%;--awb-margin-top-large:0px;--awb-spacing-right-large:3.84%;--awb-margin-bottom-large:20px;--awb-spacing-left-large:3.84%;--awb-width-medium:50%;--awb-order-medium:0;--awb-spacing-right-medium:3.84%;--awb-spacing-left-medium:3.84%;--awb-width-small:100%;--awb-order-small:0;--awb-spacing-right-small:1.92%;--awb-spacing-left-small:1.92%;\"><div class=\"fusion-column-wrapper fusion-column-has-shadow fusion-flex-justify-content-flex-start fusion-content-layout-column\"><div class=\"fusion-title title fusion-title-3 fusion-sep-none fusion-title-text fusion-title-size-four\"><h4 class=\"fusion-title-heading title-heading-left\" style=\"margin:0;\">Who manages it?<\/h4><\/div><div class=\"fusion-text fusion-text-4\"><ul data-start=\"3283\" data-end=\"3447\">\n<li data-start=\"3283\" data-end=\"3447\">\n<p data-start=\"3285\" data-end=\"3308\">It is usually processed:<\/p>\n<ul data-start=\"3311\" data-end=\"3447\">\n<li data-start=\"3311\" data-end=\"3330\">\n<p data-start=\"3313\" data-end=\"3330\">The <strong data-start=\"3316\" data-end=\"3330\">exporter<\/strong><\/p>\n<\/li>\n<li data-start=\"3333\" data-end=\"3371\">\n<p data-start=\"3335\" data-end=\"3371\">The <strong data-start=\"3338\" data-end=\"3371\">freight forwarder \/ freight forwarder<\/strong><\/p>\n<\/li>\n<li data-start=\"3374\" data-end=\"3447\">\n<p data-start=\"3376\" data-end=\"3447\">Through an <strong data-start=\"3391\" data-end=\"3427\">accredited official representative<\/strong> of the country of destination.<\/p>\n<\/li>\n<\/ul>\n<\/li>\n<\/ul>\n<\/div><\/div><\/div><div class=\"fusion-layout-column fusion_builder_column fusion-builder-column-6 fusion_builder_column_1_2 1_2 fusion-flex-column fusion-flex-align-self-stretch\" style=\"--awb-bg-image:url(&#039;https:\/\/h2omaritim.com\/wp-content\/uploads\/2025\/05\/gestion-waivern-slider.jpg&#039;);--awb-bg-size:cover;--awb-width-large:50%;--awb-margin-top-large:0px;--awb-spacing-right-large:3.84%;--awb-margin-bottom-large:20px;--awb-spacing-left-large:3.84%;--awb-width-medium:50%;--awb-order-medium:0;--awb-spacing-right-medium:3.84%;--awb-spacing-left-medium:3.84%;--awb-width-small:100%;--awb-order-small:0;--awb-spacing-right-small:1.92%;--awb-spacing-left-small:1.92%;\" data-scroll-devices=\"small-visibility,medium-visibility,large-visibility\"><div class=\"fusion-column-wrapper fusion-column-has-shadow fusion-flex-justify-content-flex-start fusion-content-layout-column fusion-empty-column-bg-image fusion-column-has-bg-image\" data-bg-url=\"https:\/\/h2omaritim.com\/wp-content\/uploads\/2025\/05\/gestion-waivern-slider.jpg\"><img decoding=\"async\" class=\"fusion-empty-dims-img-placeholder fusion-no-large-visibility fusion-no-medium-visibility\" aria-label=\"Gestion Waivern Slider\" src=\"data:image\/svg+xml,%3Csvg%20xmlns%3D%27http%3A%2F%2Fwww.w3.org%2F2000%2Fsvg%27%20width%3D%271920%27%20height%3D%27500%27%20viewBox%3D%270%200%201920%20500%27%3E%3Crect%20width%3D%271920%27%20height%3D%27500%27%20fill-opacity%3D%220%22%2F%3E%3C%2Fsvg%3E\"><\/div><\/div><\/div><\/div><\/p>\n","protected":false},"excerpt":{"rendered":"","protected":false},"author":34,"featured_media":0,"parent":0,"menu_order":0,"comment_status":"closed","ping_status":"closed","template":"100-width.php","meta":{"footnotes":""},"class_list":["post-19143","page","type-page","status-publish","hentry"],"yoast_head":"<!-- This site is optimized with the Yoast SEO plugin v27.4 - https:\/\/yoast.com\/product\/yoast-seo-wordpress\/ -->\n<title>Countries requiring import waivers | H2Omaritim<\/title>\n<meta name=\"description\" content=\"Learn about the countries that require a waiver for importing goods. H2Omaritim advises you on management and procedures to facilitate your exports without problems.\" \/>\n<meta name=\"robots\" content=\"index, follow, max-snippet:-1, max-image-preview:large, max-video-preview:-1\" \/>\n<link rel=\"canonical\" href=\"https:\/\/h2omaritim.com\/en\/countries-that-require-waiver-to-import-goods\/\" \/>\n<meta property=\"og:locale\" content=\"en_US\" \/>\n<meta property=\"og:type\" content=\"article\" \/>\n<meta property=\"og:title\" content=\"Countries requiring import waivers | H2Omaritim\" \/>\n<meta property=\"og:description\" content=\"Learn about the countries that require a waiver for importing goods. H2Omaritim advises you on management and procedures to facilitate your exports without problems.\" \/>\n<meta property=\"og:url\" content=\"https:\/\/h2omaritim.com\/en\/countries-that-require-waiver-to-import-goods\/\" \/>\n<meta property=\"og:site_name\" content=\"Antonio Vicente Aznar Juan\" \/>\n<meta property=\"article:modified_time\" content=\"2025-05-29T12:58:42+00:00\" \/>\n<meta name=\"twitter:card\" content=\"summary_large_image\" \/>\n<meta name=\"twitter:label1\" content=\"Est. reading time\" \/>\n\t<meta name=\"twitter:data1\" content=\"35 minutes\" \/>\n<script type=\"application\/ld+json\" class=\"yoast-schema-graph\">{\"@context\":\"https:\\\/\\\/schema.org\",\"@graph\":[{\"@type\":\"WebPage\",\"@id\":\"https:\\\/\\\/h2omaritim.com\\\/en\\\/countries-that-require-waiver-to-import-goods\\\/\",\"url\":\"https:\\\/\\\/h2omaritim.com\\\/en\\\/countries-that-require-waiver-to-import-goods\\\/\",\"name\":\"Countries requiring import waivers | H2Omaritim\",\"isPartOf\":{\"@id\":\"https:\\\/\\\/h2omaritim.com\\\/#website\"},\"datePublished\":\"2025-05-28T13:55:03+00:00\",\"dateModified\":\"2025-05-29T12:58:42+00:00\",\"description\":\"Learn about the countries that require a waiver for importing goods. H2Omaritim advises you on management and procedures to facilitate your exports without problems.\",\"breadcrumb\":{\"@id\":\"https:\\\/\\\/h2omaritim.com\\\/en\\\/countries-that-require-waiver-to-import-goods\\\/#breadcrumb\"},\"inLanguage\":\"en-US\",\"potentialAction\":[{\"@type\":\"ReadAction\",\"target\":[\"https:\\\/\\\/h2omaritim.com\\\/en\\\/countries-that-require-waiver-to-import-goods\\\/\"]}]},{\"@type\":\"BreadcrumbList\",\"@id\":\"https:\\\/\\\/h2omaritim.com\\\/en\\\/countries-that-require-waiver-to-import-goods\\\/#breadcrumb\",\"itemListElement\":[{\"@type\":\"ListItem\",\"position\":1,\"name\":\"Portada\",\"item\":\"https:\\\/\\\/h2omaritim.com\\\/en\\\/\"},{\"@type\":\"ListItem\",\"position\":2,\"name\":\"Countries that require waiver to import goods\"}]},{\"@type\":\"WebSite\",\"@id\":\"https:\\\/\\\/h2omaritim.com\\\/#website\",\"url\":\"https:\\\/\\\/h2omaritim.com\\\/\",\"name\":\"Antonio Vicente Aznar Juan\",\"description\":\"Gestion de waivers, waivers Africa, servicios trafico mar\u00edtimo\",\"potentialAction\":[{\"@type\":\"SearchAction\",\"target\":{\"@type\":\"EntryPoint\",\"urlTemplate\":\"https:\\\/\\\/h2omaritim.com\\\/?s={search_term_string}\"},\"query-input\":{\"@type\":\"PropertyValueSpecification\",\"valueRequired\":true,\"valueName\":\"search_term_string\"}}],\"inLanguage\":\"en-US\"},{\"@type\":\"ImageObject\",\"inLanguage\":\"en-US\",\"@id\":\"https:\\\/\\\/h2omaritim.com\\\/en\\\/countries-that-require-waiver-to-import-goods\\\/#local-main-organization-logo\",\"url\":\"\",\"contentUrl\":\"\",\"caption\":\"Antonio Vicente Aznar Juan\"}]}<\/script>\n<!-- \/ Yoast SEO plugin. -->","yoast_head_json":{"title":"Countries requiring import waivers | H2Omaritim","description":"Learn about the countries that require a waiver for importing goods. H2Omaritim advises you on management and procedures to facilitate your exports without problems.","robots":{"index":"index","follow":"follow","max-snippet":"max-snippet:-1","max-image-preview":"max-image-preview:large","max-video-preview":"max-video-preview:-1"},"canonical":"https:\/\/h2omaritim.com\/en\/countries-that-require-waiver-to-import-goods\/","og_locale":"en_US","og_type":"article","og_title":"Countries requiring import waivers | H2Omaritim","og_description":"Learn about the countries that require a waiver for importing goods. H2Omaritim advises you on management and procedures to facilitate your exports without problems.","og_url":"https:\/\/h2omaritim.com\/en\/countries-that-require-waiver-to-import-goods\/","og_site_name":"Antonio Vicente Aznar Juan","article_modified_time":"2025-05-29T12:58:42+00:00","twitter_card":"summary_large_image","twitter_misc":{"Est. reading time":"35 minutes"},"schema":{"@context":"https:\/\/schema.org","@graph":[{"@type":"WebPage","@id":"https:\/\/h2omaritim.com\/en\/countries-that-require-waiver-to-import-goods\/","url":"https:\/\/h2omaritim.com\/en\/countries-that-require-waiver-to-import-goods\/","name":"Countries requiring import waivers | H2Omaritim","isPartOf":{"@id":"https:\/\/h2omaritim.com\/#website"},"datePublished":"2025-05-28T13:55:03+00:00","dateModified":"2025-05-29T12:58:42+00:00","description":"Learn about the countries that require a waiver for importing goods. H2Omaritim advises you on management and procedures to facilitate your exports without problems.","breadcrumb":{"@id":"https:\/\/h2omaritim.com\/en\/countries-that-require-waiver-to-import-goods\/#breadcrumb"},"inLanguage":"en-US","potentialAction":[{"@type":"ReadAction","target":["https:\/\/h2omaritim.com\/en\/countries-that-require-waiver-to-import-goods\/"]}]},{"@type":"BreadcrumbList","@id":"https:\/\/h2omaritim.com\/en\/countries-that-require-waiver-to-import-goods\/#breadcrumb","itemListElement":[{"@type":"ListItem","position":1,"name":"Portada","item":"https:\/\/h2omaritim.com\/en\/"},{"@type":"ListItem","position":2,"name":"Countries that require waiver to import goods"}]},{"@type":"WebSite","@id":"https:\/\/h2omaritim.com\/#website","url":"https:\/\/h2omaritim.com\/","name":"Antonio Vicente Aznar Juan","description":"Gestion de waivers, waivers Africa, servicios trafico mar\u00edtimo","potentialAction":[{"@type":"SearchAction","target":{"@type":"EntryPoint","urlTemplate":"https:\/\/h2omaritim.com\/?s={search_term_string}"},"query-input":{"@type":"PropertyValueSpecification","valueRequired":true,"valueName":"search_term_string"}}],"inLanguage":"en-US"},{"@type":"ImageObject","inLanguage":"en-US","@id":"https:\/\/h2omaritim.com\/en\/countries-that-require-waiver-to-import-goods\/#local-main-organization-logo","url":"","contentUrl":"","caption":"Antonio Vicente Aznar Juan"}]}},"_links":{"self":[{"href":"https:\/\/h2omaritim.com\/en\/wp-json\/wp\/v2\/pages\/19143","targetHints":{"allow":["GET"]}}],"collection":[{"href":"https:\/\/h2omaritim.com\/en\/wp-json\/wp\/v2\/pages"}],"about":[{"href":"https:\/\/h2omaritim.com\/en\/wp-json\/wp\/v2\/types\/page"}],"author":[{"embeddable":true,"href":"https:\/\/h2omaritim.com\/en\/wp-json\/wp\/v2\/users\/34"}],"replies":[{"embeddable":true,"href":"https:\/\/h2omaritim.com\/en\/wp-json\/wp\/v2\/comments?post=19143"}],"version-history":[{"count":4,"href":"https:\/\/h2omaritim.com\/en\/wp-json\/wp\/v2\/pages\/19143\/revisions"}],"predecessor-version":[{"id":19270,"href":"https:\/\/h2omaritim.com\/en\/wp-json\/wp\/v2\/pages\/19143\/revisions\/19270"}],"wp:attachment":[{"href":"https:\/\/h2omaritim.com\/en\/wp-json\/wp\/v2\/media?parent=19143"}],"curies":[{"name":"wp","href":"https:\/\/api.w.org\/{rel}","templated":true}]}}